{"id":417,"date":"2025-12-11T14:25:47","date_gmt":"2025-12-11T19:25:47","guid":{"rendered":"https:\/\/promanelec.com\/?post_type=product&#038;p=417"},"modified":"2025-12-14T05:05:43","modified_gmt":"2025-12-14T10:05:43","slug":"gas-refrigerante-r410a-800-g","status":"publish","type":"product","link":"https:\/\/promanelec.com\/index.php\/producto\/gas-refrigerante-r410a-800-g\/","title":{"rendered":"Gas Refrigerante R410A \u2013 800 g"},"content":{"rendered":"<p><strong>Gas refrigerante R410A<\/strong> dise\u00f1ado para equipos de aire acondicionado y sistemas de refrigeraci\u00f3n modernos. Garantiza un rendimiento eficiente y estable, cumpliendo con los requerimientos de equipos de alto desempe\u00f1o. <strong>Repuesto de l\u00ednea blanca<\/strong> recomendado para aplicaciones residenciales y comerciales.<\/p>\n","protected":false},"excerpt":{"rendered":"<p>Presentaci\u00f3n de 800 g<br \/>\nAire acondicionado y refrigeraci\u00f3n<\/p>\n","protected":false},"featured_media":418,"comment_status":"open","ping_status":"closed","template":"","meta":[],"product_brand":[],"product_cat":[29],"product_tag":[],"class_list":{"0":"post-417","1":"product","2":"type-product","3":"status-publish","4":"has-post-thumbnail","6":"product_cat-aires-acondicionados","8":"first","9":"instock","10":"taxable","11":"shipping-taxable","12":"purchasable","13":"product-type-simple"},"jetpack_sharing_enabled":true,"_links":{"self":[{"href":"https:\/\/promanelec.com\/index.php\/wp-json\/wp\/v2\/product\/417","targetHints":{"allow":["GET"]}}],"collection":[{"href":"https:\/\/promanelec.com\/index.php\/wp-json\/wp\/v2\/product"}],"about":[{"href":"https:\/\/promanelec.com\/index.php\/wp-json\/wp\/v2\/types\/product"}],"replies":[{"embeddable":true,"href":"https:\/\/promanelec.com\/index.php\/wp-json\/wp\/v2\/comments?post=417"}],"wp:featuredmedia":[{"embeddable":true,"href":"https:\/\/promanelec.com\/index.php\/wp-json\/wp\/v2\/media\/418"}],"wp:attachment":[{"href":"https:\/\/promanelec.com\/index.php\/wp-json\/wp\/v2\/media?parent=417"}],"wp:term":[{"taxonomy":"product_brand","embeddable":true,"href":"https:\/\/promanelec.com\/index.php\/wp-json\/wp\/v2\/product_brand?post=417"},{"taxonomy":"product_cat","embeddable":true,"href":"https:\/\/promanelec.com\/index.php\/wp-json\/wp\/v2\/product_cat?post=417"},{"taxonomy":"product_tag","embeddable":true,"href":"https:\/\/promanelec.com\/index.php\/wp-json\/wp\/v2\/product_tag?post=417"}],"curies":[{"name":"wp","href":"https:\/\/api.w.org\/{rel}","templated":true}]}}