{"id":415,"date":"2025-12-11T14:20:12","date_gmt":"2025-12-11T19:20:12","guid":{"rendered":"https:\/\/promanelec.com\/?post_type=product&#038;p=415"},"modified":"2025-12-14T05:04:39","modified_gmt":"2025-12-14T10:04:39","slug":"gas-refrigerante-r134a-1000-g-yeti","status":"publish","type":"product","link":"https:\/\/promanelec.com\/index.php\/producto\/gas-refrigerante-r134a-1000-g-yeti\/","title":{"rendered":"Gas Refrigerante R134A \u2013 1000 g Yeti"},"content":{"rendered":"<p><strong>Gas refrigerante R134A<\/strong> original marca Yeti, dise\u00f1ado para refrigeradoras dom\u00e9sticas de distintas marcas. Ofrece un enfriamiento eficiente y seguro. <strong>Repuesto de l\u00ednea blanca<\/strong> ideal para mantenimiento y recarga del sistema.<\/p>\n","protected":false},"excerpt":{"rendered":"<p>Original Yeti | 1000 g<\/p>\n<p>Refrigeradoras de todas las marcas<\/p>\n","protected":false},"featured_media":416,"comment_status":"open","ping_status":"closed","template":"","meta":[],"product_brand":[],"product_cat":[29],"product_tag":[],"class_list":{"0":"post-415","1":"product","2":"type-product","3":"status-publish","4":"has-post-thumbnail","6":"product_cat-aires-acondicionados","8":"first","9":"instock","10":"taxable","11":"shipping-taxable","12":"purchasable","13":"product-type-simple"},"jetpack_sharing_enabled":true,"_links":{"self":[{"href":"https:\/\/promanelec.com\/index.php\/wp-json\/wp\/v2\/product\/415","targetHints":{"allow":["GET"]}}],"collection":[{"href":"https:\/\/promanelec.com\/index.php\/wp-json\/wp\/v2\/product"}],"about":[{"href":"https:\/\/promanelec.com\/index.php\/wp-json\/wp\/v2\/types\/product"}],"replies":[{"embeddable":true,"href":"https:\/\/promanelec.com\/index.php\/wp-json\/wp\/v2\/comments?post=415"}],"wp:featuredmedia":[{"embeddable":true,"href":"https:\/\/promanelec.com\/index.php\/wp-json\/wp\/v2\/media\/416"}],"wp:attachment":[{"href":"https:\/\/promanelec.com\/index.php\/wp-json\/wp\/v2\/media?parent=415"}],"wp:term":[{"taxonomy":"product_brand","embeddable":true,"href":"https:\/\/promanelec.com\/index.php\/wp-json\/wp\/v2\/product_brand?post=415"},{"taxonomy":"product_cat","embeddable":true,"href":"https:\/\/promanelec.com\/index.php\/wp-json\/wp\/v2\/product_cat?post=415"},{"taxonomy":"product_tag","embeddable":true,"href":"https:\/\/promanelec.com\/index.php\/wp-json\/wp\/v2\/product_tag?post=415"}],"curies":[{"name":"wp","href":"https:\/\/api.w.org\/{rel}","templated":true}]}}