{"id":398,"date":"2025-12-11T15:00:16","date_gmt":"2025-12-11T20:00:16","guid":{"rendered":"https:\/\/promanelec.com\/?post_type=product&#038;p=398"},"modified":"2025-12-13T02:07:32","modified_gmt":"2025-12-13T07:07:32","slug":"timer-de-deshielo-6h-25m","status":"publish","type":"product","link":"https:\/\/promanelec.com\/index.php\/producto\/timer-de-deshielo-6h-25m\/","title":{"rendered":"Timer de Deshielo \u2013 6h\/25m"},"content":{"rendered":"<p><strong>Timer de deshielo<\/strong> con ciclos de 6 horas y 25 minutos, dise\u00f1ado para regular el proceso de deshielo en refrigeradoras. Cuenta con pines de conexi\u00f3n plug-in y carcasa resistente. <strong>Repuesto de l\u00ednea blanca<\/strong> que contribuye al correcto enfriamiento y funcionamiento del equipo.<\/p>\n","protected":false},"excerpt":{"rendered":"<p>4 pines plug-in | Carcasa resistente<\/p>\n<p>Control de ciclos de deshielo<\/p>\n","protected":false},"featured_media":399,"comment_status":"open","ping_status":"closed","template":"","meta":[],"product_brand":[],"product_cat":[27],"product_tag":[],"class_list":{"0":"post-398","1":"product","2":"type-product","3":"status-publish","4":"has-post-thumbnail","6":"product_cat-refrigeradores","8":"first","9":"instock","10":"taxable","11":"shipping-taxable","12":"purchasable","13":"product-type-simple"},"jetpack_sharing_enabled":true,"_links":{"self":[{"href":"https:\/\/promanelec.com\/index.php\/wp-json\/wp\/v2\/product\/398","targetHints":{"allow":["GET"]}}],"collection":[{"href":"https:\/\/promanelec.com\/index.php\/wp-json\/wp\/v2\/product"}],"about":[{"href":"https:\/\/promanelec.com\/index.php\/wp-json\/wp\/v2\/types\/product"}],"replies":[{"embeddable":true,"href":"https:\/\/promanelec.com\/index.php\/wp-json\/wp\/v2\/comments?post=398"}],"wp:featuredmedia":[{"embeddable":true,"href":"https:\/\/promanelec.com\/index.php\/wp-json\/wp\/v2\/media\/399"}],"wp:attachment":[{"href":"https:\/\/promanelec.com\/index.php\/wp-json\/wp\/v2\/media?parent=398"}],"wp:term":[{"taxonomy":"product_brand","embeddable":true,"href":"https:\/\/promanelec.com\/index.php\/wp-json\/wp\/v2\/product_brand?post=398"},{"taxonomy":"product_cat","embeddable":true,"href":"https:\/\/promanelec.com\/index.php\/wp-json\/wp\/v2\/product_cat?post=398"},{"taxonomy":"product_tag","embeddable":true,"href":"https:\/\/promanelec.com\/index.php\/wp-json\/wp\/v2\/product_tag?post=398"}],"curies":[{"name":"wp","href":"https:\/\/api.w.org\/{rel}","templated":true}]}}