{"id":393,"date":"2025-12-12T12:33:48","date_gmt":"2025-12-12T17:33:48","guid":{"rendered":"https:\/\/promanelec.com\/?post_type=product&#038;p=393"},"modified":"2025-12-12T12:33:48","modified_gmt":"2025-12-12T17:33:48","slug":"transmision-metalica-11-estrias-lg-inverter","status":"publish","type":"product","link":"https:\/\/promanelec.com\/index.php\/producto\/transmision-metalica-11-estrias-lg-inverter\/","title":{"rendered":"Transmisi\u00f3n Met\u00e1lica \u2013 11 Estr\u00edas (LG Inverter)"},"content":{"rendered":"<p>Transmisi\u00f3n met\u00e1lica de alta resistencia dise\u00f1ada especialmente para lavadoras LG Inverter. Incorpora ejes reforzados y componentes de larga duraci\u00f3n. Esta respuesta linea blanca garantiza un rendimiento estable y seguro.<\/p>\n","protected":false},"excerpt":{"rendered":"<p>Eje estriado + eje roscable | Pi\u00f1ones duraderos<\/p>\n<p>Para lavadoras LG Inverter<\/p>\n","protected":false},"featured_media":395,"comment_status":"open","ping_status":"closed","template":"","meta":[],"product_brand":[],"product_cat":[26],"product_tag":[],"class_list":{"0":"post-393","1":"product","2":"type-product","3":"status-publish","4":"has-post-thumbnail","6":"product_cat-lavadoras-automaticas","8":"first","9":"instock","10":"taxable","11":"shipping-taxable","12":"purchasable","13":"product-type-simple"},"jetpack_sharing_enabled":true,"_links":{"self":[{"href":"https:\/\/promanelec.com\/index.php\/wp-json\/wp\/v2\/product\/393","targetHints":{"allow":["GET"]}}],"collection":[{"href":"https:\/\/promanelec.com\/index.php\/wp-json\/wp\/v2\/product"}],"about":[{"href":"https:\/\/promanelec.com\/index.php\/wp-json\/wp\/v2\/types\/product"}],"replies":[{"embeddable":true,"href":"https:\/\/promanelec.com\/index.php\/wp-json\/wp\/v2\/comments?post=393"}],"wp:featuredmedia":[{"embeddable":true,"href":"https:\/\/promanelec.com\/index.php\/wp-json\/wp\/v2\/media\/395"}],"wp:attachment":[{"href":"https:\/\/promanelec.com\/index.php\/wp-json\/wp\/v2\/media?parent=393"}],"wp:term":[{"taxonomy":"product_brand","embeddable":true,"href":"https:\/\/promanelec.com\/index.php\/wp-json\/wp\/v2\/product_brand?post=393"},{"taxonomy":"product_cat","embeddable":true,"href":"https:\/\/promanelec.com\/index.php\/wp-json\/wp\/v2\/product_cat?post=393"},{"taxonomy":"product_tag","embeddable":true,"href":"https:\/\/promanelec.com\/index.php\/wp-json\/wp\/v2\/product_tag?post=393"}],"curies":[{"name":"wp","href":"https:\/\/api.w.org\/{rel}","templated":true}]}}