{"id":386,"date":"2025-12-12T12:25:50","date_gmt":"2025-12-12T17:25:50","guid":{"rendered":"https:\/\/promanelec.com\/?post_type=product&#038;p=386"},"modified":"2025-12-12T13:59:26","modified_gmt":"2025-12-12T18:59:26","slug":"timer-rectangular-3-cables","status":"publish","type":"product","link":"https:\/\/promanelec.com\/index.php\/producto\/timer-rectangular-3-cables\/","title":{"rendered":"Timer Rectangular \u2013 3 Cables"},"content":{"rendered":"<p><strong>Timer rectangular de 3 cables<\/strong> con doble perilla, dise\u00f1ado para garantizar un control preciso de los ciclos de lavado en lavadoras manuales. Cuenta con pi\u00f1ones resistentes al desgaste y carcasa pl\u00e1stica duradera. <strong>Repuesto de l\u00ednea blanca<\/strong> indicado para restaurar el correcto funcionamiento del equipo.<\/p>\n","protected":false},"excerpt":{"rendered":"<p>Doble perilla | Pi\u00f1ones resistentes<\/p>\n<p>Control de ciclos en lavadoras manuales<\/p>\n","protected":false},"featured_media":387,"comment_status":"open","ping_status":"closed","template":"","meta":[],"product_brand":[],"product_cat":[25],"product_tag":[],"class_list":{"0":"post-386","1":"product","2":"type-product","3":"status-publish","4":"has-post-thumbnail","6":"product_cat-lavadoras-manuales","8":"first","9":"instock","10":"taxable","11":"shipping-taxable","12":"purchasable","13":"product-type-simple"},"jetpack_sharing_enabled":true,"_links":{"self":[{"href":"https:\/\/promanelec.com\/index.php\/wp-json\/wp\/v2\/product\/386","targetHints":{"allow":["GET"]}}],"collection":[{"href":"https:\/\/promanelec.com\/index.php\/wp-json\/wp\/v2\/product"}],"about":[{"href":"https:\/\/promanelec.com\/index.php\/wp-json\/wp\/v2\/types\/product"}],"replies":[{"embeddable":true,"href":"https:\/\/promanelec.com\/index.php\/wp-json\/wp\/v2\/comments?post=386"}],"wp:featuredmedia":[{"embeddable":true,"href":"https:\/\/promanelec.com\/index.php\/wp-json\/wp\/v2\/media\/387"}],"wp:attachment":[{"href":"https:\/\/promanelec.com\/index.php\/wp-json\/wp\/v2\/media?parent=386"}],"wp:term":[{"taxonomy":"product_brand","embeddable":true,"href":"https:\/\/promanelec.com\/index.php\/wp-json\/wp\/v2\/product_brand?post=386"},{"taxonomy":"product_cat","embeddable":true,"href":"https:\/\/promanelec.com\/index.php\/wp-json\/wp\/v2\/product_cat?post=386"},{"taxonomy":"product_tag","embeddable":true,"href":"https:\/\/promanelec.com\/index.php\/wp-json\/wp\/v2\/product_tag?post=386"}],"curies":[{"name":"wp","href":"https:\/\/api.w.org\/{rel}","templated":true}]}}