{"id":3,"date":"2025-12-01T22:26:18","date_gmt":"2025-12-02T03:26:18","guid":{"rendered":"https:\/\/promanelec.com\/?page_id=3"},"modified":"2025-12-14T21:41:59","modified_gmt":"2025-12-15T02:41:59","slug":"politica-privacidad","status":"publish","type":"page","link":"https:\/\/promanelec.com\/index.php\/politica-privacidad\/","title":{"rendered":"Pol\u00edtica de privacidad"},"content":{"rendered":"\t\t<div data-elementor-type=\"wp-page\" data-elementor-id=\"3\" class=\"elementor elementor-3\" data-elementor-post-type=\"page\">\n\t\t\t\t<div data-particle_enable=\"false\" data-particle-mobile-disabled=\"false\" class=\"elementor-element elementor-element-755fa984 e-flex e-con-boxed e-con e-parent\" data-id=\"755fa984\" data-element_type=\"container\">\n\t\t\t\t\t<div class=\"e-con-inner\">\n\t\t\t\t<div class=\"elementor-element elementor-element-5dbed602 elementor-widget elementor-widget-text-editor\" data-id=\"5dbed602\" data-element_type=\"widget\" data-widget_type=\"text-editor.default\">\n\t\t\t\t\t\t\t\t\t\n<h1 class=\"wp-block-heading\" data-start=\"300\" data-end=\"341\"><strong data-start=\"302\" data-end=\"341\">Pol\u00edtica de Privacidad \u2013 PROMANELEC<\/strong><\/h1>\n<h2 data-start=\"343\" data-end=\"363\"><strong data-start=\"346\" data-end=\"363\">Qui\u00e9nes somos<\/strong><\/h2>\n<p data-start=\"365\" data-end=\"605\">La direcci\u00f3n de nuestra web es: <strong data-start=\"397\" data-end=\"423\"><a class=\"decorated-link\" href=\"https:\/\/promanelec.com\" target=\"_new\" rel=\"noopener\" data-start=\"399\" data-end=\"421\">https:\/\/promanelec.com<\/a><\/strong>.<br data-start=\"424\" data-end=\"427\" \/>PROMANELEC \u2013 Proyectos y Mantenimientos El\u00e9ctricos es una empresa ecuatoriana dedicada a la comercializaci\u00f3n de <strong data-start=\"539\" data-end=\"568\">repuestos de l\u00ednea blanca<\/strong> y soluciones para electrodom\u00e9sticos.<\/p>\n<h2 data-start=\"612\" data-end=\"630\"><strong data-start=\"615\" data-end=\"630\">Comentarios<\/strong><\/h2>\n<p data-start=\"632\" data-end=\"925\">Cuando los visitantes dejan comentarios en el sitio web, recopilamos los datos que se muestran en el formulario de comentarios, as\u00ed como la direcci\u00f3n IP del visitante y la cadena de agentes de usuario del navegador, con el fin de ayudar a la detecci\u00f3n de spam y mejorar la seguridad del sitio.<\/p>\n<p data-start=\"927\" data-end=\"1195\">Una cadena an\u00f3nima creada a partir de tu direcci\u00f3n de correo electr\u00f3nico (tambi\u00e9n llamada <em data-start=\"1017\" data-end=\"1023\">hash<\/em>) puede ser proporcionada al servicio de Gravatar para comprobar si lo utilizas. La pol\u00edtica de privacidad de Gravatar est\u00e1 disponible en:<br data-start=\"1161\" data-end=\"1164\" \/><a class=\"decorated-link\" href=\"https:\/\/automattic.com\/privacy\/\" target=\"_new\" rel=\"noopener\" data-start=\"1164\" data-end=\"1195\">https:\/\/automattic.com\/privacy\/<\/a><\/p>\n<p data-start=\"1197\" data-end=\"1305\">Tras la aprobaci\u00f3n de tu comentario, la imagen de tu perfil ser\u00e1 visible p\u00fablicamente junto a tu comentario.<\/p>\n<h2 data-start=\"1312\" data-end=\"1325\"><strong data-start=\"1315\" data-end=\"1325\">Medios<\/strong><\/h2>\n<p data-start=\"1327\" data-end=\"1568\">Si subes im\u00e1genes a nuestro sitio web, te recomendamos evitar subir im\u00e1genes que incluyan datos de ubicaci\u00f3n (EXIF GPS).<br data-start=\"1447\" data-end=\"1450\" \/>Los visitantes del sitio web pueden descargar y extraer informaci\u00f3n de ubicaci\u00f3n contenida en las im\u00e1genes publicadas.<\/p>\n<h2 data-start=\"1575\" data-end=\"1589\"><strong data-start=\"1578\" data-end=\"1589\">Cookies<\/strong><\/h2>\n<p data-start=\"1591\" data-end=\"1884\">Si dejas un comentario en nuestro sitio, puedes optar por guardar tu nombre, direcci\u00f3n de correo electr\u00f3nico y sitio web en cookies. Esto es \u00fanicamente para tu comodidad y evitar que tengas que volver a ingresar estos datos en futuros comentarios. Estas cookies tendr\u00e1n una duraci\u00f3n de un a\u00f1o.<\/p>\n<p data-start=\"1886\" data-end=\"2089\">Si tienes una cuenta y accedes a este sitio, se instalar\u00e1 una cookie temporal para determinar si tu navegador acepta cookies. Esta cookie no contiene datos personales y se elimina al cerrar el navegador.<\/p>\n<p data-start=\"2091\" data-end=\"2215\">Al iniciar sesi\u00f3n, se instalar\u00e1n varias cookies para guardar tu informaci\u00f3n de acceso y tus preferencias de visualizaci\u00f3n.<\/p>\n<ul data-start=\"2216\" data-end=\"2311\">\n<li data-start=\"2216\" data-end=\"2257\">\n<p data-start=\"2218\" data-end=\"2257\">Las cookies de acceso duran dos d\u00edas.<\/p>\n<\/li>\n<li data-start=\"2258\" data-end=\"2311\">\n<p data-start=\"2260\" data-end=\"2311\">Las cookies de opciones de pantalla duran un a\u00f1o.<\/p>\n<\/li>\n<\/ul>\n<p data-start=\"2313\" data-end=\"2457\">Si seleccionas la opci\u00f3n \u201cRecu\u00e9rdarme\u201d, tu sesi\u00f3n permanecer\u00e1 activa durante dos semanas. Al cerrar sesi\u00f3n, las cookies de acceso se eliminar\u00e1n.<\/p>\n<p data-start=\"2459\" data-end=\"2608\">Si editas o publicas contenido, se guardar\u00e1 una cookie adicional en tu navegador. Esta cookie no contiene datos personales y caduca despu\u00e9s de 1 d\u00eda.<\/p>\n<h2 data-start=\"2615\" data-end=\"2662\"><strong data-start=\"2618\" data-end=\"2662\">Contenido incrustado de otros sitios web<\/strong><\/h2>\n<p data-start=\"2664\" data-end=\"2923\">Los contenidos de este sitio pueden incluir elementos incrustados (como v\u00eddeos, im\u00e1genes, mapas, art\u00edculos, etc.).<br data-start=\"2778\" data-end=\"2781\" \/>El contenido incrustado desde otros sitios web se comporta de la misma manera que si el visitante hubiera accedido directamente a dicho sitio.<\/p>\n<p data-start=\"2925\" data-end=\"3175\">Estos sitios externos pueden recopilar datos sobre ti, utilizar cookies, integrar seguimiento adicional de terceros y supervisar tu interacci\u00f3n con el contenido incrustado, especialmente si tienes una cuenta y est\u00e1s conectado a ese sitio web externo.<\/p>\n<h2 data-start=\"3182\" data-end=\"3220\"><strong data-start=\"3185\" data-end=\"3220\">Con qui\u00e9n compartimos tus datos<\/strong><\/h2>\n<p data-start=\"3222\" data-end=\"3370\">Si solicitas un restablecimiento de contrase\u00f1a, tu direcci\u00f3n IP ser\u00e1 incluida en el correo electr\u00f3nico de restablecimiento como medida de seguridad.<\/p>\n<p data-start=\"3372\" data-end=\"3530\">PROMANELEC no vende, alquila ni comparte datos personales con terceros, salvo cuando sea necesario por razones t\u00e9cnicas, legales o de seguridad del sitio web.<\/p>\n<h2 data-start=\"3537\" data-end=\"3579\"><strong data-start=\"3540\" data-end=\"3579\">Cu\u00e1nto tiempo conservamos tus datos<\/strong><\/h2>\n<p data-start=\"3581\" data-end=\"3792\">Si dejas un comentario, el comentario y sus metadatos se conservan de forma indefinida. Esto nos permite reconocer y aprobar autom\u00e1ticamente comentarios posteriores, evitando procesos de moderaci\u00f3n innecesarios.<\/p>\n<p data-start=\"3794\" data-end=\"4137\">En el caso de usuarios que se registren en el sitio web (si aplica), almacenamos la informaci\u00f3n personal proporcionada en su perfil de usuario.<br data-start=\"3937\" data-end=\"3940\" \/>Los usuarios pueden ver, editar o eliminar su informaci\u00f3n personal en cualquier momento, excepto el nombre de usuario.<br data-start=\"4058\" data-end=\"4061\" \/>Los administradores del sitio tambi\u00e9n pueden ver y editar dicha informaci\u00f3n.<\/p>\n<h2 data-start=\"4144\" data-end=\"4186\"><strong data-start=\"4147\" data-end=\"4186\">Qu\u00e9 derechos tienes sobre tus datos<\/strong><\/h2>\n<p data-start=\"4188\" data-end=\"4372\">Si tienes una cuenta en este sitio o has dejado comentarios, puedes solicitar un archivo con los datos personales que tenemos sobre ti, incluidos los datos que nos hayas proporcionado.<\/p>\n<p data-start=\"4374\" data-end=\"4553\">Tambi\u00e9n puedes solicitar la eliminaci\u00f3n de tus datos personales.<br data-start=\"4438\" data-end=\"4441\" \/>Esto no incluye los datos que estamos obligados a conservar por motivos administrativos, legales o de seguridad.<\/p>\n<h2 data-start=\"4560\" data-end=\"4592\"><strong data-start=\"4563\" data-end=\"4592\">D\u00f3nde se env\u00edan tus datos<\/strong><\/h2>\n<p data-start=\"4594\" data-end=\"4768\">Los comentarios de los visitantes pueden ser revisados por servicios autom\u00e1ticos de detecci\u00f3n de spam para garantizar la seguridad y el correcto funcionamiento del sitio web.<\/p>\n\n<p>\u00a0<\/p>\t\t\t\t\t\t\t\t<\/div>\n\t\t\t\t\t<\/div>\n\t\t\t\t<\/div>\n\t\t\t\t<\/div>\n\t\t","protected":false},"excerpt":{"rendered":"<p>Pol\u00edtica de Privacidad \u2013 PROMANELEC Qui\u00e9nes somos La direcci\u00f3n de nuestra web es: https:\/\/promanelec.com.PROMANELEC \u2013 Proyectos y Mantenimientos El\u00e9ctricos es una empresa ecuatoriana dedicada a la comercializaci\u00f3n de repuestos de l\u00ednea blanca y soluciones para electrodom\u00e9sticos. Comentarios Cuando los visitantes dejan comentarios en el sitio web, recopilamos los datos que se muestran en el formulario [&hellip;]<\/p>\n","protected":false},"author":1,"featured_media":0,"parent":0,"menu_order":0,"comment_status":"closed","ping_status":"open","template":"elementor_header_footer","meta":{"footnotes":""},"class_list":["post-3","page","type-page","status-publish","hentry"],"jetpack_sharing_enabled":true,"_links":{"self":[{"href":"https:\/\/promanelec.com\/index.php\/wp-json\/wp\/v2\/pages\/3","targetHints":{"allow":["GET"]}}],"collection":[{"href":"https:\/\/promanelec.com\/index.php\/wp-json\/wp\/v2\/pages"}],"about":[{"href":"https:\/\/promanelec.com\/index.php\/wp-json\/wp\/v2\/types\/page"}],"author":[{"embeddable":true,"href":"https:\/\/promanelec.com\/index.php\/wp-json\/wp\/v2\/users\/1"}],"replies":[{"embeddable":true,"href":"https:\/\/promanelec.com\/index.php\/wp-json\/wp\/v2\/comments?post=3"}],"version-history":[{"count":8,"href":"https:\/\/promanelec.com\/index.php\/wp-json\/wp\/v2\/pages\/3\/revisions"}],"predecessor-version":[{"id":962,"href":"https:\/\/promanelec.com\/index.php\/wp-json\/wp\/v2\/pages\/3\/revisions\/962"}],"wp:attachment":[{"href":"https:\/\/promanelec.com\/index.php\/wp-json\/wp\/v2\/media?parent=3"}],"curies":[{"name":"wp","href":"https:\/\/api.w.org\/{rel}","templated":true}]}}