{"id":11,"date":"2025-12-13T05:58:55","date_gmt":"2025-12-13T10:58:55","guid":{"rendered":"https:\/\/promanelec.com\/?page_id=11"},"modified":"2025-12-14T21:44:21","modified_gmt":"2025-12-15T02:44:21","slug":"refund_returns","status":"publish","type":"page","link":"https:\/\/promanelec.com\/index.php\/refund_returns\/","title":{"rendered":"Pol\u00edtica de devoluciones y reembolsos"},"content":{"rendered":"\t\t<div data-elementor-type=\"wp-page\" data-elementor-id=\"11\" class=\"elementor elementor-11\" data-elementor-post-type=\"page\">\n\t\t\t\t<div data-particle_enable=\"false\" data-particle-mobile-disabled=\"false\" class=\"elementor-element elementor-element-14aa8973 e-flex e-con-boxed e-con e-parent\" data-id=\"14aa8973\" data-element_type=\"container\">\n\t\t\t\t\t<div class=\"e-con-inner\">\n\t\t\t\t<div class=\"elementor-element elementor-element-4a2a0700 elementor-widget elementor-widget-text-editor\" data-id=\"4a2a0700\" data-element_type=\"widget\" data-widget_type=\"text-editor.default\">\n\t\t\t\t\t\t\t\t\t\n<h1 class=\"wp-block-heading\" data-start=\"400\" data-end=\"466\"><strong data-start=\"402\" data-end=\"466\">Pol\u00edtica de Garant\u00eda, Devoluciones y Reembolsos \u2013 PROMANELEC<\/strong><\/h1>\n<h2 data-start=\"468\" data-end=\"494\"><strong data-start=\"471\" data-end=\"494\">Informaci\u00f3n general<\/strong><\/h2>\n\n<p data-start=\"496\" data-end=\"823\">En <strong data-start=\"499\" data-end=\"553\">PROMANELEC \u2013 Proyectos y Mantenimientos El\u00e9ctricos<\/strong>, nos comprometemos a ofrecer repuestos de l\u00ednea blanca nuevos, originales y de alta calidad.<br data-start=\"646\" data-end=\"649\" \/>Debido a la naturaleza t\u00e9cnica de los productos que comercializamos, <strong data-start=\"718\" data-end=\"762\">no realizamos devoluciones ni reembolsos<\/strong>, salvo en los casos expresamente indicados en esta pol\u00edtica.<\/p>\n<h2 data-start=\"830\" data-end=\"849\"><strong data-start=\"833\" data-end=\"849\">Devoluciones<\/strong><\/h2>\n<p data-start=\"851\" data-end=\"898\">\ud83d\udeab <strong data-start=\"854\" data-end=\"898\">No se aceptan devoluciones de productos.<\/strong><\/p>\n<p data-start=\"900\" data-end=\"1071\">Una vez entregado el producto, no se aceptan devoluciones por motivos de compatibilidad, error de compra, mala instalaci\u00f3n, golpes, manipulaci\u00f3n indebida o uso incorrecto.<\/p>\n<p data-start=\"1073\" data-end=\"1275\">Por esta raz\u00f3n, <strong data-start=\"1089\" data-end=\"1191\">recomendamos verificar cuidadosamente marca, modelo y especificaciones antes de realizar la compra<\/strong>. Nuestro equipo brinda asesor\u00eda previa para ayudarte a elegir el repuesto correcto.<\/p>\n<h2 data-start=\"1282\" data-end=\"1321\"><strong data-start=\"1285\" data-end=\"1321\">Garant\u00eda por defectos de f\u00e1brica<\/strong><\/h2>\n<p data-start=\"1323\" data-end=\"1393\">\u2705 <strong data-start=\"1325\" data-end=\"1393\">S\u00ed contamos con garant\u00eda \u00fanicamente por defectos de fabricaci\u00f3n.<\/strong><\/p>\n<p data-start=\"1395\" data-end=\"1528\">La garant\u00eda aplica exclusivamente cuando el producto presenta fallas atribuibles a un <strong data-start=\"1481\" data-end=\"1503\">defecto de f\u00e1brica<\/strong>, y no a causas externas.<\/p>\n<h3 data-start=\"1530\" data-end=\"1559\">La garant\u00eda <strong data-start=\"1546\" data-end=\"1558\">NO cubre<\/strong>:<\/h3>\n<ul data-start=\"1560\" data-end=\"1816\">\n<li data-start=\"1560\" data-end=\"1593\">\n<p data-start=\"1562\" data-end=\"1593\">Golpes, ca\u00eddas o da\u00f1os f\u00edsicos.<\/p>\n<\/li>\n<li data-start=\"1594\" data-end=\"1637\">\n<p data-start=\"1596\" data-end=\"1637\">Da\u00f1os ocasionados durante la instalaci\u00f3n.<\/p>\n<\/li>\n<li data-start=\"1638\" data-end=\"1677\">\n<p data-start=\"1640\" data-end=\"1677\">Manipulaci\u00f3n incorrecta del producto.<\/p>\n<\/li>\n<li data-start=\"1678\" data-end=\"1742\">\n<p data-start=\"1680\" data-end=\"1742\">Uso inadecuado o fuera de las especificaciones del fabricante.<\/p>\n<\/li>\n<li data-start=\"1743\" data-end=\"1816\">\n<p data-start=\"1745\" data-end=\"1816\">Da\u00f1os ocasionados por terceros o por transporte posterior a la entrega.<\/p>\n<\/li>\n<\/ul>\n<h2 data-start=\"1823\" data-end=\"1866\"><strong data-start=\"1826\" data-end=\"1866\">Condiciones para aplicar la garant\u00eda<\/strong><\/h2>\n<p data-start=\"1868\" data-end=\"1953\">Para solicitar la garant\u00eda, el cliente deber\u00e1 cumplir con las siguientes condiciones:<\/p>\n<ul data-start=\"1955\" data-end=\"2197\">\n<li data-start=\"1955\" data-end=\"1993\">\n<p data-start=\"1957\" data-end=\"1993\">Presentar <strong data-start=\"1967\" data-end=\"1992\">comprobante de compra<\/strong>.<\/p>\n<\/li>\n<li data-start=\"1994\" data-end=\"2103\">\n<p data-start=\"1996\" data-end=\"2103\">El producto debe encontrarse <strong data-start=\"2025\" data-end=\"2102\">sin alteraciones, sin signos de uso indebido y sin da\u00f1os f\u00edsicos visibles<\/strong>.<\/p>\n<\/li>\n<li data-start=\"2104\" data-end=\"2197\">\n<p data-start=\"2106\" data-end=\"2197\">La solicitud debe realizarse dentro del plazo indicado al momento de la compra (si aplica).<\/p>\n<\/li>\n<\/ul>\n<p data-start=\"2199\" data-end=\"2329\">Una vez recibido el producto para revisi\u00f3n, PROMANELEC evaluar\u00e1 el caso y determinar\u00e1 si corresponde la aplicaci\u00f3n de la garant\u00eda.<\/p>\n<h2 data-start=\"2336\" data-end=\"2353\"><strong data-start=\"2339\" data-end=\"2353\">Reembolsos<\/strong><\/h2>\n<p data-start=\"2355\" data-end=\"2398\">\ud83d\udcb3 <strong data-start=\"2358\" data-end=\"2398\">No se realizan reembolsos de dinero.<\/strong><\/p>\n<p data-start=\"2400\" data-end=\"2490\">En caso de aprobarse una garant\u00eda por defecto de f\u00e1brica, PROMANELEC podr\u00e1, seg\u00fan el caso:<\/p>\n<ul data-start=\"2491\" data-end=\"2588\">\n<li data-start=\"2491\" data-end=\"2544\">\n<p data-start=\"2493\" data-end=\"2544\">Reemplazar el producto por uno igual o equivalente.<\/p>\n<\/li>\n<li data-start=\"2545\" data-end=\"2588\">\n<p data-start=\"2547\" data-end=\"2588\">Ofrecer una soluci\u00f3n t\u00e9cnica alternativa.<\/p>\n<\/li>\n<\/ul>\n<h2 data-start=\"2595\" data-end=\"2617\"><strong data-start=\"2598\" data-end=\"2617\">Costos de env\u00edo<\/strong><\/h2>\n<p data-start=\"2619\" data-end=\"2651\">En caso de aplicar una garant\u00eda:<\/p>\n<ul data-start=\"2652\" data-end=\"2789\">\n<li data-start=\"2652\" data-end=\"2718\">\n<p data-start=\"2654\" data-end=\"2718\">El cliente deber\u00e1 coordinar el env\u00edo del producto para revisi\u00f3n.<\/p>\n<\/li>\n<li data-start=\"2719\" data-end=\"2789\">\n<p data-start=\"2721\" data-end=\"2789\">Los costos de transporte no son reembolsables, salvo acuerdo previo.<\/p>\n<\/li>\n<\/ul>\n<h2 data-start=\"2796\" data-end=\"2828\"><strong data-start=\"2799\" data-end=\"2828\">Asesor\u00eda antes de comprar<\/strong><\/h2>\n<p data-start=\"2830\" data-end=\"3041\">Para evitar inconvenientes, <strong data-start=\"2858\" data-end=\"2936\">nuestro equipo est\u00e1 disponible para asesorarte antes de realizar tu compra<\/strong>, ya sea de manera presencial o por WhatsApp, confirmando compatibilidad y especificaciones del repuesto.<\/p>\n<h2 data-start=\"3048\" data-end=\"3063\"><strong data-start=\"3051\" data-end=\"3063\">Contacto<\/strong><\/h2>\n<p data-start=\"3065\" data-end=\"3194\">Si tienes dudas sobre esta pol\u00edtica o necesitas asesor\u00eda, puedes comunicarte con nosotros a trav\u00e9s de nuestros canales oficiales:<\/p>\n<p data-start=\"3196\" data-end=\"3265\">\ud83d\udcde <strong data-start=\"3199\" data-end=\"3229\">Soporte t\u00e9cnico PROMANELEC: <\/strong><span style=\"text-decoration: underline;\">0968175658<\/span><br data-start=\"3229\" data-end=\"3232\" \/>\ud83d\udccd Anconcito, Salinas \u2013 Ecuador<\/p>\n\t\t\t\t\t\t\t\t<\/div>\n\t\t\t\t\t<\/div>\n\t\t\t\t<\/div>\n\t\t\t\t<\/div>\n\t\t","protected":false},"excerpt":{"rendered":"<p>Pol\u00edtica de Garant\u00eda, Devoluciones y Reembolsos \u2013 PROMANELEC Informaci\u00f3n general En PROMANELEC \u2013 Proyectos y Mantenimientos El\u00e9ctricos, nos comprometemos a ofrecer repuestos de l\u00ednea blanca nuevos, originales y de alta calidad.Debido a la naturaleza t\u00e9cnica de los productos que comercializamos, no realizamos devoluciones ni reembolsos, salvo en los casos expresamente indicados en esta pol\u00edtica. Devoluciones [&hellip;]<\/p>\n","protected":false},"author":1,"featured_media":0,"parent":0,"menu_order":0,"comment_status":"closed","ping_status":"closed","template":"elementor_header_footer","meta":{"footnotes":""},"class_list":["post-11","page","type-page","status-publish","hentry"],"jetpack_sharing_enabled":true,"_links":{"self":[{"href":"https:\/\/promanelec.com\/index.php\/wp-json\/wp\/v2\/pages\/11","targetHints":{"allow":["GET"]}}],"collection":[{"href":"https:\/\/promanelec.com\/index.php\/wp-json\/wp\/v2\/pages"}],"about":[{"href":"https:\/\/promanelec.com\/index.php\/wp-json\/wp\/v2\/types\/page"}],"author":[{"embeddable":true,"href":"https:\/\/promanelec.com\/index.php\/wp-json\/wp\/v2\/users\/1"}],"replies":[{"embeddable":true,"href":"https:\/\/promanelec.com\/index.php\/wp-json\/wp\/v2\/comments?post=11"}],"version-history":[{"count":7,"href":"https:\/\/promanelec.com\/index.php\/wp-json\/wp\/v2\/pages\/11\/revisions"}],"predecessor-version":[{"id":966,"href":"https:\/\/promanelec.com\/index.php\/wp-json\/wp\/v2\/pages\/11\/revisions\/966"}],"wp:attachment":[{"href":"https:\/\/promanelec.com\/index.php\/wp-json\/wp\/v2\/media?parent=11"}],"curies":[{"name":"wp","href":"https:\/\/api.w.org\/{rel}","templated":true}]}}